{"id":12999,"date":"2015-10-13T13:07:33","date_gmt":"2015-10-13T12:07:33","guid":{"rendered":"https:\/\/www.glazura.cz\/?page_id=12999"},"modified":"2023-01-30T09:39:45","modified_gmt":"2023-01-30T08:39:45","slug":"objednavka","status":"publish","type":"page","link":"https:\/\/www.glazura.cz?page_id=12999","title":{"rendered":"Objedn\u00e1vkov\u00fd formul\u00e1\u0159"},"content":{"rendered":"<p><script language=\"JavaScript\"><br \/>\nwindow.onbeforeunload = confirmExit;<br \/>\n  function confirmExit()<br \/>\n  {<br \/>\n    return \"Pokud tuto str\u00e1nku opust\u00edte, p\u0159\u00edjdete o v\u0161echny vypln\u011bn\u00e9 informace. Opravdu chcete opustit tuto str\u00e1nku?\";<br \/>\n  }<br \/>\n<\/script><\/p>\n","protected":false},"excerpt":{"rendered":"","protected":false},"author":4,"featured_media":0,"parent":0,"menu_order":0,"comment_status":"closed","ping_status":"closed","template":"","meta":[],"aioseo_notices":[],"_links":{"self":[{"href":"https:\/\/www.glazura.cz\/index.php?rest_route=\/wp\/v2\/pages\/12999"}],"collection":[{"href":"https:\/\/www.glazura.cz\/index.php?rest_route=\/wp\/v2\/pages"}],"about":[{"href":"https:\/\/www.glazura.cz\/index.php?rest_route=\/wp\/v2\/types\/page"}],"author":[{"embeddable":true,"href":"https:\/\/www.glazura.cz\/index.php?rest_route=\/wp\/v2\/users\/4"}],"replies":[{"embeddable":true,"href":"https:\/\/www.glazura.cz\/index.php?rest_route=%2Fwp%2Fv2%2Fcomments&post=12999"}],"version-history":[{"count":9,"href":"https:\/\/www.glazura.cz\/index.php?rest_route=\/wp\/v2\/pages\/12999\/revisions"}],"predecessor-version":[{"id":16119,"href":"https:\/\/www.glazura.cz\/index.php?rest_route=\/wp\/v2\/pages\/12999\/revisions\/16119"}],"wp:attachment":[{"href":"https:\/\/www.glazura.cz\/index.php?rest_route=%2Fwp%2Fv2%2Fmedia&parent=12999"}],"curies":[{"name":"wp","href":"https:\/\/api.w.org\/{rel}","templated":true}]}}